{"id":3218,"date":"2024-05-29T17:16:34","date_gmt":"2024-05-29T15:16:34","guid":{"rendered":"https:\/\/enotourproject.org\/sobre-nos\/"},"modified":"2025-02-07T11:40:25","modified_gmt":"2025-02-07T10:40:25","slug":"sobre-nos","status":"publish","type":"page","link":"https:\/\/enotourproject.org\/pt-pt\/sobre-nos\/","title":{"rendered":"Sobre n\u00f3s"},"content":{"rendered":"<style>.kb-row-layout-wrap.wp-block-kadence-rowlayout.kb-row-layout-id155_663837-b1{margin-top:-30px;}.kb-row-layout-id155_663837-b1 > .kt-row-column-wrap{align-content:start;}:where(.kb-row-layout-id155_663837-b1 > .kt-row-column-wrap) > .wp-block-kadence-column{justify-content:start;}.kb-row-layout-id155_663837-b1 > .kt-row-column-wrap{column-gap:var(--global-kb-gap-md, 2rem);row-gap:var(--global-kb-gap-none, 0rem );max-width:var( --global-content-width, 1290px );padding-left:var(--global-content-edge-padding);padding-right:var(--global-content-edge-padding);padding-top:50px;padding-bottom:0px;min-height:400px;grid-template-columns:minmax(0, 1fr);}.kb-row-layout-id155_663837-b1{background-color:#661d29;background-image:url('https:\/\/enotourproject.org\/wp-content\/uploads\/2024\/09\/banner-principal.jpg');background-size:cover;background-position:33% 46%;background-attachment:fixed;background-repeat:no-repeat;}.kb-row-layout-id155_663837-b1 > .kt-row-layout-overlay{opacity:0.71;background-color:var(--global-palette3, #1A202C);mix-blend-mode:multiply;}@media all and (max-width: 1024px), only screen and (min-device-width: 1024px) and (max-device-width: 1366px) and (-webkit-min-device-pixel-ratio: 2) and (hover: none){.kb-row-layout-id155_663837-b1{background-attachment:scroll;}}@media all and (max-width: 1024px){.kb-row-layout-id155_663837-b1 > .kt-row-column-wrap{grid-template-columns:minmax(0, 1fr);}}@media all and (max-width: 1024px){.kb-row-layout-id155_663837-b1 > .kt-row-layout-overlay{opacity:0.18;background:var(--global-palette3, #1A202C);mix-blend-mode:luminosity;}}@media all and (max-width: 767px){.kb-row-layout-wrap.wp-block-kadence-rowlayout.kb-row-layout-id155_663837-b1{margin-top:-30px;}.kb-row-layout-id155_663837-b1 > .kt-row-column-wrap{padding-top:0px;grid-template-columns:minmax(0, 1fr);}.kb-row-layout-id155_663837-b1 > .kt-row-layout-overlay{opacity:0.50;}}<\/style><div class=\"kb-row-layout-wrap kb-row-layout-id155_663837-b1 alignfull kt-row-has-bg wp-block-kadence-rowlayout\"><div class=\"kt-row-layout-overlay kt-row-overlay-normal\"><\/div><div class=\"kt-row-column-wrap kt-has-1-columns kt-row-layout-equal kt-tab-layout-inherit kt-mobile-layout-row kt-row-valign-top kb-theme-content-width\">\n<style>.kadence-column155_806b81-e0 > .kt-inside-inner-col{padding-top:0px;padding-bottom:var(--global-kb-spacing-3xl, 6.5rem);padding-left:var(--global-kb-spacing-sm, 1.5rem);}.kadence-column155_806b81-e0 > .kt-inside-inner-col{border-left:3px solid var(--global-palette1, #3182CE);}.kadence-column155_806b81-e0 > .kt-inside-inner-col,.kadence-column155_806b81-e0 > .kt-inside-inner-col:before{border-top-left-radius:0px;border-top-right-radius:0px;border-bottom-right-radius:0px;border-bottom-left-radius:0px;}.kadence-column155_806b81-e0 > .kt-inside-inner-col{column-gap:var(--global-kb-gap-sm, 1rem);}.kadence-column155_806b81-e0 > .kt-inside-inner-col{flex-direction:column;}.kadence-column155_806b81-e0 > .kt-inside-inner-col > .aligncenter{width:100%;}.kadence-column155_806b81-e0 > .kt-inside-inner-col:before{opacity:0.3;}.kadence-column155_806b81-e0{position:relative;}.kadence-column155_806b81-e0, .kt-inside-inner-col > .kadence-column155_806b81-e0:not(.specificity){margin-top:0px;margin-bottom:0px;}@media all and (max-width: 1024px){.kadence-column155_806b81-e0 > .kt-inside-inner-col{padding-left:10px;border-left:3px solid var(--global-palette1, #3182CE);flex-direction:column;}}@media all and (max-width: 767px){.kadence-column155_806b81-e0 > .kt-inside-inner-col{padding-top:var(--global-kb-spacing-xl, 4rem);padding-bottom:var(--global-kb-spacing-sm, 1.5rem);padding-left:var(--global-kb-spacing-xs, 1rem);border-left:3px solid var(--global-palette1, #3182CE);flex-direction:column;}}<\/style>\n<div class=\"wp-block-kadence-column kadence-column155_806b81-e0 inner-column-1\"><div class=\"kt-inside-inner-col\"><style>.wp-block-kadence-advancedheading.kt-adv-heading155_994518-5e, .wp-block-kadence-advancedheading.kt-adv-heading155_994518-5e[data-kb-block=\"kb-adv-heading155_994518-5e\"]{margin-right:var(--global-kb-spacing-5xl, 10rem);margin-left:0px;font-size:var(--global-kb-font-size-xl, 3rem);line-height:1em;font-style:normal;}.wp-block-kadence-advancedheading.kt-adv-heading155_994518-5e mark.kt-highlight, .wp-block-kadence-advancedheading.kt-adv-heading155_994518-5e[data-kb-block=\"kb-adv-heading155_994518-5e\"] mark.kt-highlight{font-style:normal;color:var(--global-palette1, #3182CE);-webkit-box-decoration-break:clone;box-decoration-break:clone;padding-top:0px;padding-right:0px;padding-bottom:0px;padding-left:0px;}@media all and (max-width: 1024px){.wp-block-kadence-advancedheading.kt-adv-heading155_994518-5e, .wp-block-kadence-advancedheading.kt-adv-heading155_994518-5e[data-kb-block=\"kb-adv-heading155_994518-5e\"]{font-size:55px;}}@media all and (max-width: 767px){.wp-block-kadence-advancedheading.kt-adv-heading155_994518-5e, .wp-block-kadence-advancedheading.kt-adv-heading155_994518-5e[data-kb-block=\"kb-adv-heading155_994518-5e\"]{margin-right:var(--global-kb-spacing-sm, 1.5rem);font-size:var(--global-kb-font-size-xl, 3rem);}}<\/style>\n<h1 class=\"kt-adv-heading155_994518-5e wp-block-kadence-advancedheading has-theme-palette-8-color has-text-color\" data-kb-block=\"kb-adv-heading155_994518-5e\"><strong>Sobre n\u00f3s <\/strong><\/h1>\n<\/div><\/div>\n\n<\/div><\/div><style>.kb-row-layout-id155_bf8e5f-79 > .kt-row-column-wrap{align-content:start;}:where(.kb-row-layout-id155_bf8e5f-79 > .kt-row-column-wrap) > .wp-block-kadence-column{justify-content:start;}.kb-row-layout-id155_bf8e5f-79 > .kt-row-column-wrap{column-gap:var(--global-kb-gap-md, 2rem);row-gap:var(--global-kb-gap-md, 2rem);padding-top:0px;padding-right:0px;padding-bottom:var(--global-kb-spacing-xs, 1rem);padding-left:0px;grid-template-columns:minmax(0, 1fr);}.kb-row-layout-id155_bf8e5f-79 > .kt-row-layout-overlay{opacity:0.30;}@media all and (max-width: 1024px){.kb-row-layout-id155_bf8e5f-79 > .kt-row-column-wrap{grid-template-columns:minmax(0, 1fr);}}@media all and (max-width: 767px){.kb-row-layout-id155_bf8e5f-79 > .kt-row-column-wrap{grid-template-columns:minmax(0, 1fr);}}<\/style><div class=\"kb-row-layout-wrap kb-row-layout-id155_bf8e5f-79 alignfull wp-block-kadence-rowlayout\"><div class=\"kt-row-column-wrap kt-has-1-columns kt-row-layout-equal kt-tab-layout-inherit kt-mobile-layout-row kt-row-valign-top\">\n<style>.kadence-column155_5a751e-5c > .kt-inside-inner-col{padding-right:var(--global-kb-spacing-lg, 3rem);padding-left:var(--global-kb-spacing-lg, 3rem);}.kadence-column155_5a751e-5c > .kt-inside-inner-col,.kadence-column155_5a751e-5c > .kt-inside-inner-col:before{border-top-left-radius:0px;border-top-right-radius:0px;border-bottom-right-radius:0px;border-bottom-left-radius:0px;}.kadence-column155_5a751e-5c > .kt-inside-inner-col{column-gap:var(--global-kb-gap-sm, 1rem);}.kadence-column155_5a751e-5c > .kt-inside-inner-col{flex-direction:column;}.kadence-column155_5a751e-5c > .kt-inside-inner-col > .aligncenter{width:100%;}.kadence-column155_5a751e-5c > .kt-inside-inner-col{background-color:var(--global-palette8, #F7FAFC);}.kadence-column155_5a751e-5c > .kt-inside-inner-col:before{opacity:0.3;}.kadence-column155_5a751e-5c{position:relative;}@media all and (max-width: 1024px){.kadence-column155_5a751e-5c > .kt-inside-inner-col{flex-direction:column;}}@media all and (max-width: 767px){.kadence-column155_5a751e-5c > .kt-inside-inner-col{padding-right:var(--global-kb-spacing-xs, 1rem);padding-left:var(--global-kb-spacing-xs, 1rem);flex-direction:column;}}<\/style>\n<div class=\"wp-block-kadence-column kadence-column155_5a751e-5c\"><div class=\"kt-inside-inner-col\"><style>.wp-block-kadence-advancedheading.kt-adv-heading155_1f4f78-8c, .wp-block-kadence-advancedheading.kt-adv-heading155_1f4f78-8c[data-kb-block=\"kb-adv-heading155_1f4f78-8c\"]{padding-top:var(--global-kb-spacing-sm, 1.5rem);padding-right:var(--global-kb-spacing-md, 2rem);padding-bottom:var(--global-kb-spacing-sm, 1.5rem);padding-left:var(--global-kb-spacing-md, 2rem);font-size:var(--global-kb-font-size-md, 1.25rem);font-weight:400;font-style:normal;font-family:Chivo;}.wp-block-kadence-advancedheading.kt-adv-heading155_1f4f78-8c mark.kt-highlight, .wp-block-kadence-advancedheading.kt-adv-heading155_1f4f78-8c[data-kb-block=\"kb-adv-heading155_1f4f78-8c\"] mark.kt-highlight{font-style:normal;color:#f76a0c;-webkit-box-decoration-break:clone;box-decoration-break:clone;padding-top:0px;padding-right:0px;padding-bottom:0px;padding-left:0px;}@media all and (max-width: 767px){.wp-block-kadence-advancedheading.kt-adv-heading155_1f4f78-8c, .wp-block-kadence-advancedheading.kt-adv-heading155_1f4f78-8c[data-kb-block=\"kb-adv-heading155_1f4f78-8c\"]{font-size:var(--global-kb-font-size-md, 1.25rem);}}<\/style>\n<h2 class=\"kt-adv-heading155_1f4f78-8c wp-block-kadence-advancedheading has-theme-palette-3-color has-text-color\" data-kb-block=\"kb-adv-heading155_1f4f78-8c\">O EnoTour \u00e9 um projeto Erasmus + \u201cAlian\u00e7a para a Inova\u00e7\u00e3o\u201d que teve in\u00edcio em 2023, com o objetivo de transformar o enoturismo atrav\u00e9s da inova\u00e7\u00e3o digital e da colabora\u00e7\u00e3o internacional. A miss\u00e3o da EnoTour \u00e9 melhorar o desenvolvimento regional atrav\u00e9s do sector do enoturismo em toda a Europa, criando ferramentas digitais para a forma\u00e7\u00e3o, a melhoria de compet\u00eancias, a inova\u00e7\u00e3o empresarial e o marketing. Para cumprir esta miss\u00e3o, a EnoTour est\u00e1 a desenvolver uma plataforma virtual para universidades, prestadores de forma\u00e7\u00e3o profissional, estudantes, profissionais, adegas e turistas, que ser\u00e1 testada e ampliada durante o per\u00edodo de vig\u00eancia do projeto, atrav\u00e9s de uma metodologia que assegura a colabora\u00e7\u00e3o p\u00fablico-privada, a internacionalidade e a apropria\u00e7\u00e3o.  <\/h2>\n<\/div><\/div>\n\n<\/div><\/div><style>.kb-row-layout-id155_77a0af-ba > .kt-row-column-wrap{align-content:start;}:where(.kb-row-layout-id155_77a0af-ba > .kt-row-column-wrap) > .wp-block-kadence-column{justify-content:start;}.kb-row-layout-id155_77a0af-ba > .kt-row-column-wrap{column-gap:var(--global-kb-gap-md, 2rem);row-gap:var(--global-kb-gap-md, 2rem);padding-top:var(--global-kb-spacing-sm, 1.5rem);padding-right:var(--global-kb-spacing-lg, 3rem);padding-bottom:var(--global-kb-spacing-sm, 1.5rem);padding-left:var(--global-kb-spacing-lg, 3rem);grid-template-columns:minmax(0, 1fr) minmax(0, 2fr);}.kb-row-layout-id155_77a0af-ba > .kt-row-layout-overlay{opacity:0.30;}@media all and (max-width: 1024px){.kb-row-layout-id155_77a0af-ba > .kt-row-column-wrap{grid-template-columns:minmax(0, 1fr) minmax(0, 2fr);}}@media all and (max-width: 767px){.kb-row-layout-id155_77a0af-ba > .kt-row-column-wrap{padding-right:var(--global-kb-spacing-xs, 1rem);padding-left:var(--global-kb-spacing-xs, 1rem);grid-template-columns:minmax(0, 1fr);}}<\/style><div class=\"kb-row-layout-wrap kb-row-layout-id155_77a0af-ba alignnone wp-block-kadence-rowlayout\"><div class=\"kt-row-column-wrap kt-has-2-columns kt-row-layout-right-golden kt-tab-layout-inherit kt-mobile-layout-row kt-row-valign-top\">\n<style>.kadence-column155_3ea6f3-72 > .kt-inside-inner-col,.kadence-column155_3ea6f3-72 > .kt-inside-inner-col:before{border-top-left-radius:0px;border-top-right-radius:0px;border-bottom-right-radius:0px;border-bottom-left-radius:0px;}.kadence-column155_3ea6f3-72 > .kt-inside-inner-col{column-gap:var(--global-kb-gap-sm, 1rem);}.kadence-column155_3ea6f3-72 > .kt-inside-inner-col{flex-direction:column;}.kadence-column155_3ea6f3-72 > .kt-inside-inner-col > .aligncenter{width:100%;}.kadence-column155_3ea6f3-72 > .kt-inside-inner-col:before{opacity:0.3;}.kadence-column155_3ea6f3-72{position:relative;}@media all and (max-width: 1024px){.kadence-column155_3ea6f3-72 > .kt-inside-inner-col{flex-direction:column;}}@media all and (max-width: 767px){.kadence-column155_3ea6f3-72 > .kt-inside-inner-col{flex-direction:column;}}<\/style>\n<div class=\"wp-block-kadence-column kadence-column155_3ea6f3-72\"><div class=\"kt-inside-inner-col\">\n<blockquote class=\"wp-block-quote is-layout-flow wp-block-quote-is-layout-flow\">\n<p class=\"has-theme-palette-1-color has-text-color has-link-color wp-elements-e42456b4999bd0f01fc619d8cf4efd54\" style=\"font-size:24px\">\u201cA EnoTour pretende transformar o enoturismo atrav\u00e9s da inova\u00e7\u00e3o digital e da colabora\u00e7\u00e3o internacional\u201d<\/p>\n<\/blockquote>\n<\/div><\/div>\n\n\n<style>.kadence-column155_f7326f-f3 > .kt-inside-inner-col,.kadence-column155_f7326f-f3 > .kt-inside-inner-col:before{border-top-left-radius:0px;border-top-right-radius:0px;border-bottom-right-radius:0px;border-bottom-left-radius:0px;}.kadence-column155_f7326f-f3 > .kt-inside-inner-col{column-gap:var(--global-kb-gap-sm, 1rem);}.kadence-column155_f7326f-f3 > .kt-inside-inner-col{flex-direction:column;}.kadence-column155_f7326f-f3 > .kt-inside-inner-col > .aligncenter{width:100%;}.kadence-column155_f7326f-f3 > .kt-inside-inner-col:before{opacity:0.3;}.kadence-column155_f7326f-f3{position:relative;}@media all and (max-width: 1024px){.kadence-column155_f7326f-f3 > .kt-inside-inner-col{flex-direction:column;}}@media all and (max-width: 767px){.kadence-column155_f7326f-f3 > .kt-inside-inner-col{flex-direction:column;}}<\/style>\n<div class=\"wp-block-kadence-column kadence-column155_f7326f-f3\"><div class=\"kt-inside-inner-col\"><style>.wp-block-kadence-advancedheading.kt-adv-heading155_faffdd-f3, .wp-block-kadence-advancedheading.kt-adv-heading155_faffdd-f3[data-kb-block=\"kb-adv-heading155_faffdd-f3\"]{font-size:var(--global-kb-font-size-md, 1.25rem);font-weight:400;font-style:normal;font-family:Chivo;}.wp-block-kadence-advancedheading.kt-adv-heading155_faffdd-f3 mark.kt-highlight, .wp-block-kadence-advancedheading.kt-adv-heading155_faffdd-f3[data-kb-block=\"kb-adv-heading155_faffdd-f3\"] mark.kt-highlight{font-style:normal;color:#f76a0c;-webkit-box-decoration-break:clone;box-decoration-break:clone;padding-top:0px;padding-right:0px;padding-bottom:0px;padding-left:0px;}<\/style>\n<h2 class=\"kt-adv-heading155_faffdd-f3 wp-block-kadence-advancedheading\" data-kb-block=\"kb-adv-heading155_faffdd-f3\">O projeto EnoTour baseia-se numa rede din\u00e2mica de universidades, escolas profissionais, cooperativas vitivin\u00edcolas, adegas e Conselhos de Turismo da Catalunha, Bord\u00e9us, Porto e P\u00e1dua, que trabalham em conjunto para modernizar o sector do enoturismo. A metodologia e o plano de trabalho do projeto assentam nos pontos fortes e nas experi\u00eancias dos diversos parceiros. Este esfor\u00e7o de colabora\u00e7\u00e3o n\u00e3o s\u00f3 produzir\u00e1 uma plataforma EnoTour din\u00e2mica para forma\u00e7\u00e3o, desenvolvimento empresarial e experi\u00eancias de turismo virtual, como tamb\u00e9m assegurar\u00e1 o seu valor acrescentado, a sua sustentabilidade a longo prazo e a sua expans\u00e3o, que depender\u00e1 desta abordagem colaborativa do sector p\u00fablico-privado.  <\/h2>\n<\/div><\/div>\n\n<\/div><\/div>","protected":false},"excerpt":{"rendered":"<p>Sobre n\u00f3s O EnoTour \u00e9 um projeto Erasmus + \u201cAlian\u00e7a para a Inova\u00e7\u00e3o\u201d que teve in\u00edcio em 2023, com o objetivo de transformar o enoturismo atrav\u00e9s da inova\u00e7\u00e3o digital e da colabora\u00e7\u00e3o internacional. A miss\u00e3o da EnoTour \u00e9 melhorar o desenvolvimento regional atrav\u00e9s do sector do enoturismo em toda a Europa, criando ferramentas digitais para&#8230;<\/p>\n","protected":false},"author":5,"featured_media":0,"parent":0,"menu_order":0,"comment_status":"closed","ping_status":"closed","template":"","meta":{"_acf_changed":false,"_kad_blocks_custom_css":"","_kad_blocks_head_custom_js":"","_kad_blocks_body_custom_js":"","_kad_blocks_footer_custom_js":"","_kadence_starter_templates_imported_post":false,"_kad_post_transparent":"","_kad_post_title":"","_kad_post_layout":"","_kad_post_sidebar_id":"","_kad_post_content_style":"","_kad_post_vertical_padding":"","_kad_post_feature":"","_kad_post_feature_position":"","_kad_post_header":false,"_kad_post_footer":false,"footnotes":""},"class_list":["post-3218","page","type-page","status-publish","hentry"],"acf":[],"taxonomy_info":[],"featured_image_src_large":false,"author_info":{"display_name":"Bele Vivas","author_link":"https:\/\/enotourproject.org\/pt-pt\/author\/belevivas\/"},"comment_info":0,"_links":{"self":[{"href":"https:\/\/enotourproject.org\/pt-pt\/wp-json\/wp\/v2\/pages\/3218","targetHints":{"allow":["GET"]}}],"collection":[{"href":"https:\/\/enotourproject.org\/pt-pt\/wp-json\/wp\/v2\/pages"}],"about":[{"href":"https:\/\/enotourproject.org\/pt-pt\/wp-json\/wp\/v2\/types\/page"}],"author":[{"embeddable":true,"href":"https:\/\/enotourproject.org\/pt-pt\/wp-json\/wp\/v2\/users\/5"}],"replies":[{"embeddable":true,"href":"https:\/\/enotourproject.org\/pt-pt\/wp-json\/wp\/v2\/comments?post=3218"}],"version-history":[{"count":0,"href":"https:\/\/enotourproject.org\/pt-pt\/wp-json\/wp\/v2\/pages\/3218\/revisions"}],"wp:attachment":[{"href":"https:\/\/enotourproject.org\/pt-pt\/wp-json\/wp\/v2\/media?parent=3218"}],"curies":[{"name":"wp","href":"https:\/\/api.w.org\/{rel}","templated":true}]}}