{"id":3403,"date":"2024-05-29T17:16:34","date_gmt":"2024-05-29T15:16:34","guid":{"rendered":"https:\/\/enotourproject.org\/a-propos-de-nous\/"},"modified":"2025-02-12T17:37:43","modified_gmt":"2025-02-12T16:37:43","slug":"a-propos-de-nous","status":"publish","type":"page","link":"https:\/\/enotourproject.org\/fr\/a-propos-de-nous\/","title":{"rendered":"\u00c0 propos de nous"},"content":{"rendered":"<style>.kb-row-layout-wrap.wp-block-kadence-rowlayout.kb-row-layout-id155_663837-b1{margin-top:-30px;}.kb-row-layout-id155_663837-b1 > .kt-row-column-wrap{align-content:start;}:where(.kb-row-layout-id155_663837-b1 > .kt-row-column-wrap) > .wp-block-kadence-column{justify-content:start;}.kb-row-layout-id155_663837-b1 > .kt-row-column-wrap{column-gap:var(--global-kb-gap-md, 2rem);row-gap:var(--global-kb-gap-none, 0rem );max-width:var( --global-content-width, 1290px );padding-left:var(--global-content-edge-padding);padding-right:var(--global-content-edge-padding);padding-top:50px;padding-bottom:0px;min-height:400px;grid-template-columns:minmax(0, 1fr);}.kb-row-layout-id155_663837-b1{background-color:#661d29;background-image:url('https:\/\/enotourproject.org\/wp-content\/uploads\/2024\/09\/banner-principal.jpg');background-size:cover;background-position:33% 46%;background-attachment:fixed;background-repeat:no-repeat;}.kb-row-layout-id155_663837-b1 > .kt-row-layout-overlay{opacity:0.71;background-color:var(--global-palette3, #1A202C);mix-blend-mode:multiply;}@media all and (max-width: 1024px), only screen and (min-device-width: 1024px) and (max-device-width: 1366px) and (-webkit-min-device-pixel-ratio: 2) and (hover: none){.kb-row-layout-id155_663837-b1{background-attachment:scroll;}}@media all and (max-width: 1024px){.kb-row-layout-id155_663837-b1 > .kt-row-column-wrap{grid-template-columns:minmax(0, 1fr);}}@media all and (max-width: 1024px){.kb-row-layout-id155_663837-b1 > .kt-row-layout-overlay{opacity:0.18;background:var(--global-palette3, #1A202C);mix-blend-mode:luminosity;}}@media all and (max-width: 767px){.kb-row-layout-wrap.wp-block-kadence-rowlayout.kb-row-layout-id155_663837-b1{margin-top:-30px;}.kb-row-layout-id155_663837-b1 > .kt-row-column-wrap{padding-top:0px;grid-template-columns:minmax(0, 1fr);}.kb-row-layout-id155_663837-b1 > .kt-row-layout-overlay{opacity:0.50;}}<\/style><div class=\"kb-row-layout-wrap kb-row-layout-id155_663837-b1 alignfull kt-row-has-bg wp-block-kadence-rowlayout\"><div class=\"kt-row-layout-overlay kt-row-overlay-normal\"><\/div><div class=\"kt-row-column-wrap kt-has-1-columns kt-row-layout-equal kt-tab-layout-inherit kt-mobile-layout-row kt-row-valign-top kb-theme-content-width\">\n<style>.kadence-column155_806b81-e0 > .kt-inside-inner-col{padding-top:0px;padding-bottom:var(--global-kb-spacing-3xl, 6.5rem);padding-left:var(--global-kb-spacing-sm, 1.5rem);}.kadence-column155_806b81-e0 > .kt-inside-inner-col{border-left:3px solid var(--global-palette1, #3182CE);}.kadence-column155_806b81-e0 > .kt-inside-inner-col,.kadence-column155_806b81-e0 > .kt-inside-inner-col:before{border-top-left-radius:0px;border-top-right-radius:0px;border-bottom-right-radius:0px;border-bottom-left-radius:0px;}.kadence-column155_806b81-e0 > .kt-inside-inner-col{column-gap:var(--global-kb-gap-sm, 1rem);}.kadence-column155_806b81-e0 > .kt-inside-inner-col{flex-direction:column;}.kadence-column155_806b81-e0 > .kt-inside-inner-col > .aligncenter{width:100%;}.kadence-column155_806b81-e0 > .kt-inside-inner-col:before{opacity:0.3;}.kadence-column155_806b81-e0{position:relative;}.kadence-column155_806b81-e0, .kt-inside-inner-col > .kadence-column155_806b81-e0:not(.specificity){margin-top:0px;margin-bottom:0px;}@media all and (max-width: 1024px){.kadence-column155_806b81-e0 > .kt-inside-inner-col{padding-left:10px;border-left:3px solid var(--global-palette1, #3182CE);flex-direction:column;}}@media all and (max-width: 767px){.kadence-column155_806b81-e0 > .kt-inside-inner-col{padding-top:var(--global-kb-spacing-xl, 4rem);padding-bottom:var(--global-kb-spacing-sm, 1.5rem);padding-left:var(--global-kb-spacing-xs, 1rem);border-left:3px solid var(--global-palette1, #3182CE);flex-direction:column;}}<\/style>\n<div class=\"wp-block-kadence-column kadence-column155_806b81-e0 inner-column-1\"><div class=\"kt-inside-inner-col\"><style>.wp-block-kadence-advancedheading.kt-adv-heading155_994518-5e, .wp-block-kadence-advancedheading.kt-adv-heading155_994518-5e[data-kb-block=\"kb-adv-heading155_994518-5e\"]{margin-right:var(--global-kb-spacing-5xl, 10rem);margin-left:0px;font-size:var(--global-kb-font-size-xl, 3rem);line-height:1em;font-style:normal;}.wp-block-kadence-advancedheading.kt-adv-heading155_994518-5e mark.kt-highlight, .wp-block-kadence-advancedheading.kt-adv-heading155_994518-5e[data-kb-block=\"kb-adv-heading155_994518-5e\"] mark.kt-highlight{font-style:normal;color:var(--global-palette1, #3182CE);-webkit-box-decoration-break:clone;box-decoration-break:clone;padding-top:0px;padding-right:0px;padding-bottom:0px;padding-left:0px;}@media all and (max-width: 1024px){.wp-block-kadence-advancedheading.kt-adv-heading155_994518-5e, .wp-block-kadence-advancedheading.kt-adv-heading155_994518-5e[data-kb-block=\"kb-adv-heading155_994518-5e\"]{font-size:55px;}}@media all and (max-width: 767px){.wp-block-kadence-advancedheading.kt-adv-heading155_994518-5e, .wp-block-kadence-advancedheading.kt-adv-heading155_994518-5e[data-kb-block=\"kb-adv-heading155_994518-5e\"]{margin-right:var(--global-kb-spacing-sm, 1.5rem);font-size:var(--global-kb-font-size-xl, 3rem);}}<\/style>\n<h1 class=\"kt-adv-heading155_994518-5e wp-block-kadence-advancedheading has-theme-palette-8-color has-text-color\" data-kb-block=\"kb-adv-heading155_994518-5e\"><strong>\u00c0 propos de nous <\/strong><\/h1>\n<\/div><\/div>\n\n<\/div><\/div><style>.kb-row-layout-id155_bf8e5f-79 > .kt-row-column-wrap{align-content:start;}:where(.kb-row-layout-id155_bf8e5f-79 > .kt-row-column-wrap) > .wp-block-kadence-column{justify-content:start;}.kb-row-layout-id155_bf8e5f-79 > .kt-row-column-wrap{column-gap:var(--global-kb-gap-md, 2rem);row-gap:var(--global-kb-gap-md, 2rem);padding-top:0px;padding-right:0px;padding-bottom:var(--global-kb-spacing-xs, 1rem);padding-left:0px;grid-template-columns:minmax(0, 1fr);}.kb-row-layout-id155_bf8e5f-79 > .kt-row-layout-overlay{opacity:0.30;}@media all and (max-width: 1024px){.kb-row-layout-id155_bf8e5f-79 > .kt-row-column-wrap{grid-template-columns:minmax(0, 1fr);}}@media all and (max-width: 767px){.kb-row-layout-id155_bf8e5f-79 > .kt-row-column-wrap{grid-template-columns:minmax(0, 1fr);}}<\/style><div class=\"kb-row-layout-wrap kb-row-layout-id155_bf8e5f-79 alignfull wp-block-kadence-rowlayout\"><div class=\"kt-row-column-wrap kt-has-1-columns kt-row-layout-equal kt-tab-layout-inherit kt-mobile-layout-row kt-row-valign-top\">\n<style>.kadence-column155_5a751e-5c > .kt-inside-inner-col{padding-right:var(--global-kb-spacing-lg, 3rem);padding-left:var(--global-kb-spacing-lg, 3rem);}.kadence-column155_5a751e-5c > .kt-inside-inner-col,.kadence-column155_5a751e-5c > .kt-inside-inner-col:before{border-top-left-radius:0px;border-top-right-radius:0px;border-bottom-right-radius:0px;border-bottom-left-radius:0px;}.kadence-column155_5a751e-5c > .kt-inside-inner-col{column-gap:var(--global-kb-gap-sm, 1rem);}.kadence-column155_5a751e-5c > .kt-inside-inner-col{flex-direction:column;}.kadence-column155_5a751e-5c > .kt-inside-inner-col > .aligncenter{width:100%;}.kadence-column155_5a751e-5c > .kt-inside-inner-col{background-color:var(--global-palette8, #F7FAFC);}.kadence-column155_5a751e-5c > .kt-inside-inner-col:before{opacity:0.3;}.kadence-column155_5a751e-5c{position:relative;}@media all and (max-width: 1024px){.kadence-column155_5a751e-5c > .kt-inside-inner-col{flex-direction:column;}}@media all and (max-width: 767px){.kadence-column155_5a751e-5c > .kt-inside-inner-col{padding-right:var(--global-kb-spacing-xs, 1rem);padding-left:var(--global-kb-spacing-xs, 1rem);flex-direction:column;}}<\/style>\n<div class=\"wp-block-kadence-column kadence-column155_5a751e-5c\"><div class=\"kt-inside-inner-col\"><style>.wp-block-kadence-advancedheading.kt-adv-heading155_1f4f78-8c, .wp-block-kadence-advancedheading.kt-adv-heading155_1f4f78-8c[data-kb-block=\"kb-adv-heading155_1f4f78-8c\"]{padding-top:var(--global-kb-spacing-sm, 1.5rem);padding-right:var(--global-kb-spacing-md, 2rem);padding-bottom:var(--global-kb-spacing-sm, 1.5rem);padding-left:var(--global-kb-spacing-md, 2rem);font-size:var(--global-kb-font-size-md, 1.25rem);font-weight:400;font-style:normal;font-family:Chivo;}.wp-block-kadence-advancedheading.kt-adv-heading155_1f4f78-8c mark.kt-highlight, .wp-block-kadence-advancedheading.kt-adv-heading155_1f4f78-8c[data-kb-block=\"kb-adv-heading155_1f4f78-8c\"] mark.kt-highlight{font-style:normal;color:#f76a0c;-webkit-box-decoration-break:clone;box-decoration-break:clone;padding-top:0px;padding-right:0px;padding-bottom:0px;padding-left:0px;}@media all and (max-width: 767px){.wp-block-kadence-advancedheading.kt-adv-heading155_1f4f78-8c, .wp-block-kadence-advancedheading.kt-adv-heading155_1f4f78-8c[data-kb-block=\"kb-adv-heading155_1f4f78-8c\"]{font-size:var(--global-kb-font-size-md, 1.25rem);}}<\/style>\n<h2 class=\"kt-adv-heading155_1f4f78-8c wp-block-kadence-advancedheading has-theme-palette-3-color has-text-color\" data-kb-block=\"kb-adv-heading155_1f4f78-8c\">EnoTour est un projet Erasmus + \u00ab Alliance pour l&rsquo;innovation \u00bb qui a d\u00e9but\u00e9 en 2023 et qui vise \u00e0 transformer l&rsquo;\u0153notourisme gr\u00e2ce \u00e0 l&rsquo;innovation num\u00e9rique et \u00e0 la collaboration internationale. La mission d&rsquo;EnoTour est d&rsquo;am\u00e9liorer le d\u00e9veloppement r\u00e9gional par le biais du secteur de l&rsquo;\u0153notourisme \u00e0 travers l&rsquo;Europe en cr\u00e9ant des outils num\u00e9riques pour la formation, le perfectionnement, l&rsquo;innovation commerciale et le marketing. Afin de r\u00e9aliser cette mission, EnoTour d\u00e9veloppe une plateforme virtuelle pour les universit\u00e9s, les fournisseurs de formation professionnelle, les \u00e9tudiants, les professionnels, les vignobles et les touristes, qui sera pilot\u00e9e et mise \u00e0 l&rsquo;\u00e9chelle pendant la dur\u00e9e du projet, via une m\u00e9thodologie qui garantit la collaboration public-priv\u00e9, l&rsquo;internationalit\u00e9 et l&rsquo;appropriation.  <\/h2>\n<\/div><\/div>\n\n<\/div><\/div><style>.kb-row-layout-id155_77a0af-ba > .kt-row-column-wrap{align-content:start;}:where(.kb-row-layout-id155_77a0af-ba > .kt-row-column-wrap) > .wp-block-kadence-column{justify-content:start;}.kb-row-layout-id155_77a0af-ba > .kt-row-column-wrap{column-gap:var(--global-kb-gap-md, 2rem);row-gap:var(--global-kb-gap-md, 2rem);padding-top:var(--global-kb-spacing-sm, 1.5rem);padding-right:var(--global-kb-spacing-lg, 3rem);padding-bottom:var(--global-kb-spacing-sm, 1.5rem);padding-left:var(--global-kb-spacing-lg, 3rem);grid-template-columns:minmax(0, 1fr) minmax(0, 2fr);}.kb-row-layout-id155_77a0af-ba > .kt-row-layout-overlay{opacity:0.30;}@media all and (max-width: 1024px){.kb-row-layout-id155_77a0af-ba > .kt-row-column-wrap{grid-template-columns:minmax(0, 1fr) minmax(0, 2fr);}}@media all and (max-width: 767px){.kb-row-layout-id155_77a0af-ba > .kt-row-column-wrap{padding-right:var(--global-kb-spacing-xs, 1rem);padding-left:var(--global-kb-spacing-xs, 1rem);grid-template-columns:minmax(0, 1fr);}}<\/style><div class=\"kb-row-layout-wrap kb-row-layout-id155_77a0af-ba alignnone wp-block-kadence-rowlayout\"><div class=\"kt-row-column-wrap kt-has-2-columns kt-row-layout-right-golden kt-tab-layout-inherit kt-mobile-layout-row kt-row-valign-top\">\n<style>.kadence-column155_3ea6f3-72 > .kt-inside-inner-col,.kadence-column155_3ea6f3-72 > .kt-inside-inner-col:before{border-top-left-radius:0px;border-top-right-radius:0px;border-bottom-right-radius:0px;border-bottom-left-radius:0px;}.kadence-column155_3ea6f3-72 > .kt-inside-inner-col{column-gap:var(--global-kb-gap-sm, 1rem);}.kadence-column155_3ea6f3-72 > .kt-inside-inner-col{flex-direction:column;}.kadence-column155_3ea6f3-72 > .kt-inside-inner-col > .aligncenter{width:100%;}.kadence-column155_3ea6f3-72 > .kt-inside-inner-col:before{opacity:0.3;}.kadence-column155_3ea6f3-72{position:relative;}@media all and (max-width: 1024px){.kadence-column155_3ea6f3-72 > .kt-inside-inner-col{flex-direction:column;}}@media all and (max-width: 767px){.kadence-column155_3ea6f3-72 > .kt-inside-inner-col{flex-direction:column;}}<\/style>\n<div class=\"wp-block-kadence-column kadence-column155_3ea6f3-72\"><div class=\"kt-inside-inner-col\">\n<blockquote class=\"wp-block-quote is-layout-flow wp-block-quote-is-layout-flow\">\n<p class=\"has-theme-palette-1-color has-text-color has-link-color wp-elements-2690b6e1457f7888a4b70b070c4a7843\" style=\"font-size:24px\">\u00ab EnoTour vise \u00e0 transformer l&rsquo;\u0153notourisme gr\u00e2ce \u00e0 l&rsquo;innovation num\u00e9rique et \u00e0 la collaboration internationale.<\/p>\n<\/blockquote>\n<\/div><\/div>\n\n\n<style>.kadence-column155_f7326f-f3 > .kt-inside-inner-col,.kadence-column155_f7326f-f3 > .kt-inside-inner-col:before{border-top-left-radius:0px;border-top-right-radius:0px;border-bottom-right-radius:0px;border-bottom-left-radius:0px;}.kadence-column155_f7326f-f3 > .kt-inside-inner-col{column-gap:var(--global-kb-gap-sm, 1rem);}.kadence-column155_f7326f-f3 > .kt-inside-inner-col{flex-direction:column;}.kadence-column155_f7326f-f3 > .kt-inside-inner-col > .aligncenter{width:100%;}.kadence-column155_f7326f-f3 > .kt-inside-inner-col:before{opacity:0.3;}.kadence-column155_f7326f-f3{position:relative;}@media all and (max-width: 1024px){.kadence-column155_f7326f-f3 > .kt-inside-inner-col{flex-direction:column;}}@media all and (max-width: 767px){.kadence-column155_f7326f-f3 > .kt-inside-inner-col{flex-direction:column;}}<\/style>\n<div class=\"wp-block-kadence-column kadence-column155_f7326f-f3\"><div class=\"kt-inside-inner-col\"><style>.wp-block-kadence-advancedheading.kt-adv-heading155_faffdd-f3, .wp-block-kadence-advancedheading.kt-adv-heading155_faffdd-f3[data-kb-block=\"kb-adv-heading155_faffdd-f3\"]{font-size:var(--global-kb-font-size-md, 1.25rem);font-weight:400;font-style:normal;font-family:Chivo;}.wp-block-kadence-advancedheading.kt-adv-heading155_faffdd-f3 mark.kt-highlight, .wp-block-kadence-advancedheading.kt-adv-heading155_faffdd-f3[data-kb-block=\"kb-adv-heading155_faffdd-f3\"] mark.kt-highlight{font-style:normal;color:#f76a0c;-webkit-box-decoration-break:clone;box-decoration-break:clone;padding-top:0px;padding-right:0px;padding-bottom:0px;padding-left:0px;}<\/style>\n<h2 class=\"kt-adv-heading155_faffdd-f3 wp-block-kadence-advancedheading\" data-kb-block=\"kb-adv-heading155_faffdd-f3\">Le projet EnoTour est bas\u00e9 sur un r\u00e9seau dynamique d&rsquo;universit\u00e9s, d&rsquo;\u00e9coles professionnelles, de coop\u00e9ratives vinicoles, de caves et d&rsquo;offices de tourisme de Catalogne, de Bordeaux, de Porto et de Padoue, qui travaillent ensemble pour moderniser le secteur de l&rsquo;\u0153notourisme. La m\u00e9thodologie et le plan de travail du projet s&rsquo;appuient sur les forces et les exp\u00e9riences des diff\u00e9rents partenaires. Cet effort de collaboration ne produira pas seulement une plateforme EnoTour dynamique pour la formation, le d\u00e9veloppement commercial et les exp\u00e9riences touristiques virtuelles, mais assurera sa valeur ajout\u00e9e, sa durabilit\u00e9 \u00e0 long terme et son expansion, qui d\u00e9pendront de cette approche collaborative du secteur public-priv\u00e9.  <\/h2>\n<\/div><\/div>\n\n<\/div><\/div>","protected":false},"excerpt":{"rendered":"<p>\u00c0 propos de nous EnoTour est un projet Erasmus + \u00ab Alliance pour l&rsquo;innovation \u00bb qui a d\u00e9but\u00e9 en 2023 et qui vise \u00e0 transformer l&rsquo;\u0153notourisme gr\u00e2ce \u00e0 l&rsquo;innovation num\u00e9rique et \u00e0 la collaboration internationale. La mission d&rsquo;EnoTour est d&rsquo;am\u00e9liorer le d\u00e9veloppement r\u00e9gional par le biais du secteur de l&rsquo;\u0153notourisme \u00e0 travers l&rsquo;Europe en cr\u00e9ant&#8230;<\/p>\n","protected":false},"author":5,"featured_media":0,"parent":0,"menu_order":0,"comment_status":"closed","ping_status":"closed","template":"","meta":{"_acf_changed":false,"_kad_blocks_custom_css":"","_kad_blocks_head_custom_js":"","_kad_blocks_body_custom_js":"","_kad_blocks_footer_custom_js":"","_kadence_starter_templates_imported_post":false,"_kad_post_transparent":"","_kad_post_title":"","_kad_post_layout":"","_kad_post_sidebar_id":"","_kad_post_content_style":"","_kad_post_vertical_padding":"","_kad_post_feature":"","_kad_post_feature_position":"","_kad_post_header":false,"_kad_post_footer":false,"footnotes":""},"class_list":["post-3403","page","type-page","status-publish","hentry"],"acf":[],"taxonomy_info":[],"featured_image_src_large":false,"author_info":{"display_name":"Bele Vivas","author_link":"https:\/\/enotourproject.org\/fr\/author\/belevivas\/"},"comment_info":0,"_links":{"self":[{"href":"https:\/\/enotourproject.org\/fr\/wp-json\/wp\/v2\/pages\/3403","targetHints":{"allow":["GET"]}}],"collection":[{"href":"https:\/\/enotourproject.org\/fr\/wp-json\/wp\/v2\/pages"}],"about":[{"href":"https:\/\/enotourproject.org\/fr\/wp-json\/wp\/v2\/types\/page"}],"author":[{"embeddable":true,"href":"https:\/\/enotourproject.org\/fr\/wp-json\/wp\/v2\/users\/5"}],"replies":[{"embeddable":true,"href":"https:\/\/enotourproject.org\/fr\/wp-json\/wp\/v2\/comments?post=3403"}],"version-history":[{"count":0,"href":"https:\/\/enotourproject.org\/fr\/wp-json\/wp\/v2\/pages\/3403\/revisions"}],"wp:attachment":[{"href":"https:\/\/enotourproject.org\/fr\/wp-json\/wp\/v2\/media?parent=3403"}],"curies":[{"name":"wp","href":"https:\/\/api.w.org\/{rel}","templated":true}]}}